{"id":1084,"date":"2023-09-25T14:55:03","date_gmt":"2023-09-25T17:55:03","guid":{"rendered":"https:\/\/mbquimica.com.br\/?page_id=1084"},"modified":"2023-09-25T16:04:14","modified_gmt":"2023-09-25T19:04:14","slug":"sobre-nos","status":"publish","type":"page","link":"https:\/\/mbquimica.com.br\/index.php\/sobre-nos\/","title":{"rendered":"sobre-nos"},"content":{"rendered":"\t\t<div data-elementor-type=\"wp-page\" data-elementor-id=\"1084\" class=\"elementor elementor-1084\">\n\t\t\t\t\t\t\t\t\t<section class=\"elementor-section elementor-top-section elementor-element elementor-element-bc11726 elementor-section-content-middle elementor-section-boxed elementor-section-height-default elementor-section-height-default\" data-id=\"bc11726\" data-element_type=\"section\" data-settings=\"{&quot;background_background&quot;:&quot;classic&quot;}\">\n\t\t\t\t\t\t<div class=\"elementor-container elementor-column-gap-no\">\n\t\t\t\t\t<div class=\"elementor-column elementor-col-50 elementor-top-column elementor-element elementor-element-e57bebf\" data-id=\"e57bebf\" data-element_type=\"column\">\n\t\t\t<div class=\"elementor-widget-wrap elementor-element-populated\">\n\t\t\t\t\t\t\t\t<div class=\"elementor-element elementor-element-8b15955 elementor-widget elementor-widget-image\" data-id=\"8b15955\" data-element_type=\"widget\" data-widget_type=\"image.default\">\n\t\t\t\t<div class=\"elementor-widget-container\">\n\t\t\t\t\t\t\t\t\t\t\t\t\t\t\t<img decoding=\"async\" loading=\"lazy\" width=\"501\" height=\"501\" src=\"https:\/\/mbquimica.com.br\/wp-content\/uploads\/2023\/09\/MBQUIMICA01.png\" class=\"attachment-large size-large wp-image-1086\" alt=\"\" srcset=\"https:\/\/mbquimica.com.br\/wp-content\/uploads\/2023\/09\/MBQUIMICA01.png 501w, https:\/\/mbquimica.com.br\/wp-content\/uploads\/2023\/09\/MBQUIMICA01-300x300.png 300w, https:\/\/mbquimica.com.br\/wp-content\/uploads\/2023\/09\/MBQUIMICA01-150x150.png 150w\" sizes=\"(max-width: 501px) 100vw, 501px\" \/>\t\t\t\t\t\t\t\t\t\t\t\t\t\t\t<\/div>\n\t\t\t\t<\/div>\n\t\t\t\t\t<\/div>\n\t\t<\/div>\n\t\t\t\t<div class=\"elementor-column elementor-col-50 elementor-top-column elementor-element elementor-element-4af8cec\" data-id=\"4af8cec\" data-element_type=\"column\">\n\t\t\t<div class=\"elementor-widget-wrap elementor-element-populated\">\n\t\t\t\t\t\t\t\t<div class=\"elementor-element elementor-element-e86356b elementor-widget elementor-widget-heading\" data-id=\"e86356b\" data-element_type=\"widget\" data-widget_type=\"heading.default\">\n\t\t\t\t<div class=\"elementor-widget-container\">\n\t\t\t<h2 class=\"elementor-heading-title elementor-size-default\">SOBRE A MB QU\u00cdMICA<\/h2>\t\t<\/div>\n\t\t\t\t<\/div>\n\t\t\t\t<div class=\"elementor-element elementor-element-7bc70bb elementor-widget elementor-widget-text-editor\" data-id=\"7bc70bb\" data-element_type=\"widget\" data-widget_type=\"text-editor.default\">\n\t\t\t\t<div class=\"elementor-widget-container\">\n\t\t\t\t\t\t\t<div class=\"wpb_text_column wpb_content_element wpb_animate_when_almost_visible wpb_fadeIn fadeIn wpb_start_animation animated\"><div class=\"wpb_wrapper\"><div class=\"styled-subtitle\"><p><strong>A MB Qu\u00edmica<\/strong> \u00e9 uma empresa nacional, que nasceu da necessidade do mercado em encontrar em um s\u00f3 lugar solu\u00e7\u00f5es para a execu\u00e7\u00e3o de seus Programas de Higieniza\u00e7\u00e3o.<\/p><\/div><\/div><\/div><div class=\"gem-divider \">Oferecemos produtos qu\u00edmicos de alta performance, automa\u00e7\u00e3o de sistemas de controle de dosagem, equipamentos com tecnologia de \u00faltima gera\u00e7\u00e3o e manuten\u00e7\u00e3o preventiva e corretiva de m\u00e1quinas e equipamentos. Al\u00e9m disso, disponibilizamos treinamento voltado \u00e0 manipula\u00e7\u00e3o de produtos qu\u00edmicos, seguran\u00e7a alimentar.<\/div><div class=\"wpb_text_column wpb_content_element wpb_animate_when_almost_visible wpb_fadeIn fadeIn wpb_start_animation animated\"><div class=\"wpb_wrapper\"><p>Nossos conte\u00fados s\u00e3o sempre voltados para a valoriza\u00e7\u00e3o dos profissionais. Como tamb\u00e9m s\u00e3o imprescind\u00edveis para o sucesso de qualquer programa de qualidade.<\/p><\/div><\/div>\t\t\t\t\t\t<\/div>\n\t\t\t\t<\/div>\n\t\t\t\t\t<\/div>\n\t\t<\/div>\n\t\t\t\t\t\t\t<\/div>\n\t\t<\/section>\n\t\t\t\t\t\t\t<\/div>\n\t\t","protected":false},"excerpt":{"rendered":"<p>SOBRE A MB QU\u00cdMICA A MB Qu\u00edmica \u00e9 uma empresa nacional, que nasceu da necessidade do mercado em encontrar em um s\u00f3 lugar solu\u00e7\u00f5es para a execu\u00e7\u00e3o de seus Programas de Higieniza\u00e7\u00e3o. Oferecemos produtos qu\u00edmicos de alta performance, automa\u00e7\u00e3o de sistemas de controle de dosagem, equipamentos com tecnologia de \u00faltima gera\u00e7\u00e3o e manuten\u00e7\u00e3o preventiva e [&hellip;]<\/p>\n","protected":false},"author":1,"featured_media":0,"parent":0,"menu_order":0,"comment_status":"closed","ping_status":"closed","template":"elementor_header_footer","meta":{"footnotes":""},"_links":{"self":[{"href":"https:\/\/mbquimica.com.br\/index.php\/wp-json\/wp\/v2\/pages\/1084"}],"collection":[{"href":"https:\/\/mbquimica.com.br\/index.php\/wp-json\/wp\/v2\/pages"}],"about":[{"href":"https:\/\/mbquimica.com.br\/index.php\/wp-json\/wp\/v2\/types\/page"}],"author":[{"embeddable":true,"href":"https:\/\/mbquimica.com.br\/index.php\/wp-json\/wp\/v2\/users\/1"}],"replies":[{"embeddable":true,"href":"https:\/\/mbquimica.com.br\/index.php\/wp-json\/wp\/v2\/comments?post=1084"}],"version-history":[{"count":7,"href":"https:\/\/mbquimica.com.br\/index.php\/wp-json\/wp\/v2\/pages\/1084\/revisions"}],"predecessor-version":[{"id":1220,"href":"https:\/\/mbquimica.com.br\/index.php\/wp-json\/wp\/v2\/pages\/1084\/revisions\/1220"}],"wp:attachment":[{"href":"https:\/\/mbquimica.com.br\/index.php\/wp-json\/wp\/v2\/media?parent=1084"}],"curies":[{"name":"wp","href":"https:\/\/api.w.org\/{rel}","templated":true}]}}