{"id":1091,"date":"2023-09-25T14:58:59","date_gmt":"2023-09-25T17:58:59","guid":{"rendered":"https:\/\/mbquimica.com.br\/?page_id=1091"},"modified":"2023-09-25T15:04:06","modified_gmt":"2023-09-25T18:04:06","slug":"servicos","status":"publish","type":"page","link":"https:\/\/mbquimica.com.br\/index.php\/servicos\/","title":{"rendered":"servi\u00e7os"},"content":{"rendered":"\t\t<div data-elementor-type=\"wp-page\" data-elementor-id=\"1091\" class=\"elementor elementor-1091\">\n\t\t\t\t\t\t\t\t\t<section class=\"elementor-section elementor-top-section elementor-element elementor-element-bc11726 elementor-section-content-middle elementor-section-boxed elementor-section-height-default elementor-section-height-default\" data-id=\"bc11726\" data-element_type=\"section\" data-settings=\"{&quot;background_background&quot;:&quot;classic&quot;}\">\n\t\t\t\t\t\t<div class=\"elementor-container elementor-column-gap-no\">\n\t\t\t\t\t<div class=\"elementor-column elementor-col-100 elementor-top-column elementor-element elementor-element-e57bebf\" data-id=\"e57bebf\" data-element_type=\"column\">\n\t\t\t<div class=\"elementor-widget-wrap elementor-element-populated\">\n\t\t\t\t\t\t\t\t<div class=\"elementor-element elementor-element-aa3d4d1 elementor-tabs-view-horizontal elementor-widget elementor-widget-tabs\" data-id=\"aa3d4d1\" data-element_type=\"widget\" data-widget_type=\"tabs.default\">\n\t\t\t\t<div class=\"elementor-widget-container\">\n\t\t\t\t\t<div class=\"elementor-tabs\">\n\t\t\t<div class=\"elementor-tabs-wrapper\" role=\"tablist\" >\n\t\t\t\t\t\t\t\t\t<div id=\"elementor-tab-title-1781\" class=\"elementor-tab-title elementor-tab-desktop-title\" aria-selected=\"true\" data-tab=\"1\" role=\"tab\" tabindex=\"0\" aria-controls=\"elementor-tab-content-1781\" aria-expanded=\"false\">RESTAURANTES<\/div>\n\t\t\t\t\t\t\t\t\t<div id=\"elementor-tab-title-1782\" class=\"elementor-tab-title elementor-tab-desktop-title\" aria-selected=\"false\" data-tab=\"2\" role=\"tab\" tabindex=\"-1\" aria-controls=\"elementor-tab-content-1782\" aria-expanded=\"false\">COZINHAS INDUSTRIAIS<\/div>\n\t\t\t\t\t\t\t\t\t<div id=\"elementor-tab-title-1783\" class=\"elementor-tab-title elementor-tab-desktop-title\" aria-selected=\"false\" data-tab=\"3\" role=\"tab\" tabindex=\"-1\" aria-controls=\"elementor-tab-content-1783\" aria-expanded=\"false\">HOTELARIA<\/div>\n\t\t\t\t\t\t\t\t\t<div id=\"elementor-tab-title-1784\" class=\"elementor-tab-title elementor-tab-desktop-title\" aria-selected=\"false\" data-tab=\"4\" role=\"tab\" tabindex=\"-1\" aria-controls=\"elementor-tab-content-1784\" aria-expanded=\"false\">CLUBES E ACADEMIAS<\/div>\n\t\t\t\t\t\t\t\t\t<div id=\"elementor-tab-title-1785\" class=\"elementor-tab-title elementor-tab-desktop-title\" aria-selected=\"false\" data-tab=\"5\" role=\"tab\" tabindex=\"-1\" aria-controls=\"elementor-tab-content-1785\" aria-expanded=\"false\">SUPERMERCADOS<\/div>\n\t\t\t\t\t\t\t\t\t<div id=\"elementor-tab-title-1786\" class=\"elementor-tab-title elementor-tab-desktop-title\" aria-selected=\"false\" data-tab=\"6\" role=\"tab\" tabindex=\"-1\" aria-controls=\"elementor-tab-content-1786\" aria-expanded=\"false\">VE\u00cdCULOS<\/div>\n\t\t\t\t\t\t\t\t\t<div id=\"elementor-tab-title-1787\" class=\"elementor-tab-title elementor-tab-desktop-title\" aria-selected=\"false\" data-tab=\"7\" role=\"tab\" tabindex=\"-1\" aria-controls=\"elementor-tab-content-1787\" aria-expanded=\"false\">RET\u00cdFICA DE MOTORES<\/div>\n\t\t\t\t\t\t\t\t\t<div id=\"elementor-tab-title-1788\" class=\"elementor-tab-title elementor-tab-desktop-title\" aria-selected=\"false\" data-tab=\"8\" role=\"tab\" tabindex=\"-1\" aria-controls=\"elementor-tab-content-1788\" aria-expanded=\"false\">EMPRESA DE LIMPEZA<\/div>\n\t\t\t\t\t\t\t<\/div>\n\t\t\t<div class=\"elementor-tabs-content-wrapper\" role=\"tablist\" aria-orientation=\"vertical\">\n\t\t\t\t\t\t\t\t\t<div class=\"elementor-tab-title elementor-tab-mobile-title\" aria-selected=\"true\" data-tab=\"1\" role=\"tab\" tabindex=\"0\" aria-controls=\"elementor-tab-content-1781\" aria-expanded=\"false\">RESTAURANTES<\/div>\n\t\t\t\t\t<div id=\"elementor-tab-content-1781\" class=\"elementor-tab-content elementor-clearfix\" data-tab=\"1\" role=\"tabpanel\" aria-labelledby=\"elementor-tab-title-1781\" tabindex=\"0\" hidden=\"false\"><p class=\"texto\">Nossos sistemas de higieniza\u00e7\u00e3o de restaurantes seguem altos padr\u00f5es de qualidade, tanto para a cozinha como banheiros e vesti\u00e1rios.<\/p><p class=\"texto\">Oferecemos ainda uma linha de produtos \u00e1cidos, espec\u00edficos para a remo\u00e7\u00e3o de incrusta\u00e7\u00f5es inorg\u00e2nicas em m\u00e1quinas de lavar e utens\u00edlios. Para tornar o ambiente social do restaurante mais agrad\u00e1vel, temos produtos que minimizam o odor de tabaco.<\/p><div><div class=\"lista-segmentos-bloco\"><div class=\"lista-segmentos\"><div class=\"posicionamento-segmento\"><ul><li class=\"texto\">M\u00e3os<\/li><li class=\"texto\">Lou\u00e7as<\/li><li class=\"texto\">Utens\u00edlios<\/li><li class=\"texto\">Equipamentos<\/li><li class=\"texto\">Panos<\/li><li class=\"texto\">Espelhos<\/li><li class=\"texto\">M\u00e1quinas com incrusta\u00e7\u00f5es<\/li><\/ul><\/div><\/div><div class=\"lista-segmentos\"><div class=\"posicionamento-segmento\"><ul><li class=\"texto\">Coifas<\/li><li class=\"texto\">Azulejos<\/li><li class=\"texto\">Pisos<\/li><li class=\"texto\">Vidros<\/li><li class=\"texto\">Paredes<\/li><li class=\"texto\">Dutos de ar condicionado<\/li><li class=\"texto\">Desodorizantes de ar<\/li><\/ul><\/div><\/div><\/div><\/div><div class=\"conteudo-segmento\"><p class=\"texto\">Abaixo, lista de produtos indicados para esse segmento:<\/p><\/div><div class=\"produtos-geral-segmento\"><div class=\"produtos-segmento\"><h6 class=\"titulo-produtos\">KALYCLEAN C 212<\/h6><p class=\"texto\">Detergente especial alcalino<\/p><p class=\"texto\"><i>Local de aplica\u00e7\u00e3o:<\/i>\u00a0Fornos, chapas e fog\u00f5es Fornos, chapas e fritadeiras.<\/p><\/div><div class=\"produtos-segmento\"><h6 class=\"titulo-produtos\">KALYCLEAN K 533<\/h6><p class=\"texto\">Detergente l\u00edquido, desincrustante de gorduras<\/p><p class=\"texto\"><i>Local de aplica\u00e7\u00e3o:<\/i>\u00a0Fornos, chapas e fritadeiras.<\/p><\/div><div class=\"produtos-segmento\"><h6 class=\"titulo-produtos\">KALYCLEAN N 777<\/h6><p class=\"texto\">Aditivo p\/ \u00e1gua de enx\u00e1g\u00fce final em m\u00e1quina<\/p><p class=\"texto\">Local de aplica\u00e7\u00e3o: Lavagem de lou\u00e7as em m\u00e1quinas<\/p><\/div><div class=\"produtos-segmento\"><h6 class=\"titulo-produtos\">KALYCLEAN N 779<\/h6><p class=\"texto\">Aditivo secante para m\u00e1quinas de lavar lou\u00e7as<\/p><\/div><div class=\"produtos-segmento\"><h6 class=\"titulo-produtos\">KALYCLEAN N 799<\/h6><p class=\"texto\">Detergente l\u00edquido super concentrado<\/p><p class=\"texto\"><i>Local de aplica\u00e7\u00e3o:<\/i>\u00a0Lavagem manual de lou\u00e7as, limpeza pesada de utens\u00edlios, limpeza geral \u2013 Manuten\u00e7\u00e3o, limpeza de pisos, limpeza leve e pesada.<\/p><\/div><div class=\"produtos-segmento\"><h6 class=\"titulo-produtos\">KALYMIX SP<\/h6><p class=\"texto\">Sapon\u00e1ceo clorado em p\u00f3<\/p><p class=\"texto\"><i>Local de aplica\u00e7\u00e3o:<\/i>\u00a0Limpeza geral e de utens\u00edlios<\/p><\/div><\/div><\/div>\n\t\t\t\t\t\t\t\t\t<div class=\"elementor-tab-title elementor-tab-mobile-title\" aria-selected=\"false\" data-tab=\"2\" role=\"tab\" tabindex=\"-1\" aria-controls=\"elementor-tab-content-1782\" aria-expanded=\"false\">COZINHAS INDUSTRIAIS<\/div>\n\t\t\t\t\t<div id=\"elementor-tab-content-1782\" class=\"elementor-tab-content elementor-clearfix\" data-tab=\"2\" role=\"tabpanel\" aria-labelledby=\"elementor-tab-title-1782\" tabindex=\"0\" hidden=\"hidden\"><p class=\"texto\">Temos uma linha completa de produtos que atendem o alto grau de exig\u00eancia no processo de higieniza\u00e7\u00e3o de cozinhas.<\/p><p class=\"texto\">Oferecemos sistemas para a limpeza de:<\/p><div><div class=\"lista-segmentos-bloco\"><div class=\"lista-segmentos\"><div class=\"posicionamento-segmento\"><ul><li class=\"texto\">M\u00e3os<\/li><li class=\"texto\">Lou\u00e7as<\/li><li class=\"texto\">Utens\u00edlios<\/li><li class=\"texto\">Equipamentos<\/li><li class=\"texto\">Panos<\/li><\/ul><\/div><\/div><div class=\"lista-segmentos\"><div class=\"posicionamento-segmento\"><ul><li class=\"texto\">Coifas<\/li><li class=\"texto\">Azulejos<\/li><li class=\"texto\">Pisos<\/li><li class=\"texto\">Vidros<\/li><li class=\"texto\">Paredes<\/li><\/ul><\/div><\/div><\/div><\/div><div class=\"conteudo-segmento\"><p class=\"texto\">Abaixo, lista de produtos indicados para esse segmento:<\/p><\/div><div class=\"produtos-geral-segmento\"><div class=\"produtos-segmento\"><h6 class=\"titulo-produtos\">KALYCLEAN C 212<\/h6><p class=\"texto\">Detergente especial alcalino | Alcalino<\/p><p class=\"texto\"><i>Local de aplica\u00e7\u00e3o:<\/i>\u00a0Fornos, chapas e fog\u00f5es Fornos, chapas e fritadeiras.<\/p><\/div><div class=\"produtos-segmento\"><h6 class=\"titulo-produtos\">KALYCLEAN K 777<\/h6><p class=\"texto\">Aditivo p\/ \u00e1gua de enx\u00e1g\u00fce final em m\u00e1quina | Neutro<\/p><p class=\"texto\"><i>Local de aplica\u00e7\u00e3o:<\/i>\u00a0Lavagem de lou\u00e7as em m\u00e1quinas<\/p><\/div><div class=\"produtos-segmento\"><h6 class=\"titulo-produtos\">KALYCLEAN N 779<\/h6><p class=\"texto\">Aditivo secante para m\u00e1quinas de lavar lou\u00e7as | Neutro<\/p><\/div><div class=\"produtos-segmento\"><h6 class=\"titulo-produtos\">KALYCLEAN N 799<\/h6><p class=\"texto\">Detergente l\u00edquido super concentrado | Neutro<\/p><p class=\"texto\"><i>Local de aplica\u00e7\u00e3o:<\/i>\u00a0Limpeza geral e de utens\u00edlios<\/p><\/div><div class=\"produtos-segmento\"><h6 class=\"titulo-produtos\">KALYCLEAN S 313<\/h6><p class=\"texto\">Desinfetante para hortifrut\u00edcolas | Sanitizante<\/p><p class=\"texto\"><i>Local de aplica\u00e7\u00e3o:<\/i>\u00a0Sanitiza\u00e7\u00e3o de verduras \u2013 legumes \u2013 frutas<\/p><\/div><\/div><\/div>\n\t\t\t\t\t\t\t\t\t<div class=\"elementor-tab-title elementor-tab-mobile-title\" aria-selected=\"false\" data-tab=\"3\" role=\"tab\" tabindex=\"-1\" aria-controls=\"elementor-tab-content-1783\" aria-expanded=\"false\">HOTELARIA<\/div>\n\t\t\t\t\t<div id=\"elementor-tab-content-1783\" class=\"elementor-tab-content elementor-clearfix\" data-tab=\"3\" role=\"tabpanel\" aria-labelledby=\"elementor-tab-title-1783\" tabindex=\"0\" hidden=\"hidden\"><p class=\"texto\">Possu\u00edmos programas completos de higieniza\u00e7\u00e3o que garantem a assepsia e seguran\u00e7a de hospitais, cl\u00ednicas, hot\u00e9is e mot\u00e9is.<\/p><p class=\"texto\">Oferecemos sistemas para a limpeza de:<\/p><div><div class=\"lista-segmentos-bloco\"><div class=\"lista-segmentos\"><div class=\"posicionamento-segmento\"><ul><li class=\"texto\">Banheiras<\/li><li class=\"texto\">Piscinas<\/li><li class=\"texto\">Pisos<\/li><\/ul><\/div><\/div><div class=\"lista-segmentos\"><div class=\"posicionamento-segmento\"><ul><li class=\"texto\">Espelhos e Vidros<\/li><li class=\"texto\">M\u00e3os<\/li><li class=\"texto\">Desodorizante anti-tabaco<\/li><\/ul><\/div><\/div><\/div><\/div><div class=\"produtos-geral-segmento\"><div class=\"conteudo-segmento\"><p class=\"texto\">Abaixo, lista de produtos indicados para esse segmento:<\/p><\/div><div class=\"produtos-segmento\"><h6 class=\"titulo-produtos\">KALYCLEAN K515<\/h6><p class=\"texto\">Detergente multiuso | Alcalino<\/p><p class=\"texto\"><i>Local de aplica\u00e7\u00e3o:<\/i>\u00a0Multiuso.<\/p><\/div><div class=\"produtos-segmento\"><h6 class=\"titulo-produtos\">KALYCLEAN K 544<\/h6><p class=\"texto\">Detergente amoniacal floral l\u00edquido | Alcalino<\/p><p class=\"texto\"><i>Local de aplica\u00e7\u00e3o:<\/i>\u00a0Limpeza leve e pesada.<\/p><\/div><div class=\"produtos-segmento\"><h6 class=\"titulo-produtos\">KALYCLEAN N 700<\/h6><p class=\"texto\">Detergente de uso geral | Neutro<\/p><p class=\"texto\"><i>Local de aplica\u00e7\u00e3o:<\/i>\u00a0Detergente perfumado, utilizado na parte social e administrativa<\/p><\/div><div class=\"produtos-segmento\"><h6 class=\"titulo-produtos\">KALYCLEAN N 779<\/h6><p class=\"texto\">Aditivo secante para m\u00e1quinas de lavar lou\u00e7as | Neutro<\/p><\/div><div class=\"produtos-segmento\"><h6 class=\"titulo-produtos\">KALYMIX AT<\/h6><p class=\"texto\">Odorizante de ambiente | \u00c1cido<\/p><p class=\"texto\"><i>Local de aplica\u00e7\u00e3o:<\/i>\u00a0Odorizador de ambiente<\/p><\/div><\/div><\/div>\n\t\t\t\t\t\t\t\t\t<div class=\"elementor-tab-title elementor-tab-mobile-title\" aria-selected=\"false\" data-tab=\"4\" role=\"tab\" tabindex=\"-1\" aria-controls=\"elementor-tab-content-1784\" aria-expanded=\"false\">CLUBES E ACADEMIAS<\/div>\n\t\t\t\t\t<div id=\"elementor-tab-content-1784\" class=\"elementor-tab-content elementor-clearfix\" data-tab=\"4\" role=\"tabpanel\" aria-labelledby=\"elementor-tab-title-1784\" tabindex=\"0\" hidden=\"hidden\"><p class=\"texto\">Clubes e academias precisam oferecer ambientes limpos, agrad\u00e1veis e ass\u00e9pticos. Para tal, temos produtos para a higieniza\u00e7\u00e3o de:<\/p><div><div class=\"lista-segmentos-bloco\"><div class=\"lista-segmentos\"><div class=\"posicionamento-segmento\"><ul><li class=\"texto\">\u00c1rea interna e externa de piscinas<\/li><li class=\"texto\">Vesti\u00e1rios e sa\u00fanas<\/li><li class=\"texto\">Banheiros<\/li><\/ul><\/div><\/div><div class=\"lista-segmentos\"><div class=\"posicionamento-segmento\"><ul><li class=\"texto\">Pisos<\/li><li class=\"texto\">M\u00e3os<\/li><li class=\"texto\">Sa\u00fanas<\/li><\/ul><\/div><\/div><\/div><\/div><div class=\"produtos-geral-segmento\"><div class=\"conteudo-segmento\"><p class=\"texto\">Abaixo, lista de produtos indicados para esse segmento:<\/p><\/div><div class=\"produtos-segmento\"><h6 class=\"titulo-produtos\">KALYCLEAN K515<\/h6><p class=\"texto\">Detergente multiuso | Alcalino<\/p><p class=\"texto\"><i>Local de aplica\u00e7\u00e3o:<\/i>\u00a0Multiuso.<\/p><\/div><div class=\"produtos-segmento\"><h6 class=\"titulo-produtos\">KALYCLEAN K 544<\/h6><p class=\"texto\">Detergente amoniacal floral l\u00edquido | Alcalino<\/p><p class=\"texto\"><i>Local de aplica\u00e7\u00e3o:<\/i>\u00a0Limpeza leve e pesada.<\/p><\/div><div class=\"produtos-segmento\"><h6 class=\"titulo-produtos\">KALYCLEAN N 700<\/h6><p class=\"texto\">Detergente de uso geral | Neutro<\/p><p class=\"texto\"><i>Local de aplica\u00e7\u00e3o:<\/i>\u00a0Detergente perfumado, utilizado na parte social e administrativa<\/p><\/div><div class=\"produtos-segmento\"><h6 class=\"titulo-produtos\">KALYMIX AT<\/h6><p class=\"texto\">Odorizante de ambiente | \u00c1cido<\/p><p class=\"texto\"><i>Local de aplica\u00e7\u00e3o:<\/i>\u00a0Odorizador de ambiente<\/p><\/div><\/div><\/div>\n\t\t\t\t\t\t\t\t\t<div class=\"elementor-tab-title elementor-tab-mobile-title\" aria-selected=\"false\" data-tab=\"5\" role=\"tab\" tabindex=\"-1\" aria-controls=\"elementor-tab-content-1785\" aria-expanded=\"false\">SUPERMERCADOS<\/div>\n\t\t\t\t\t<div id=\"elementor-tab-content-1785\" class=\"elementor-tab-content elementor-clearfix\" data-tab=\"5\" role=\"tabpanel\" aria-labelledby=\"elementor-tab-title-1785\" tabindex=\"0\" hidden=\"hidden\"><p class=\"texto\">Possu\u00edmos um programa espec\u00edfico para a higieniza\u00e7\u00e3o de supermercados, incluindo produtos e procedimentos:<\/p><div><div class=\"lista-segmentos-bloco\"><div class=\"lista-segmentos\"><div class=\"posicionamento-segmento\"><ul><li class=\"texto\">Pisos<\/li><li class=\"texto\">A\u00e7ougue<\/li><li class=\"texto\">Peixaria<\/li><li class=\"texto\">Padaria<\/li><li class=\"texto\">Rotisseria<\/li><li class=\"texto\">Banheiros<\/li><\/ul><\/div><\/div><div class=\"lista-segmentos\"><div class=\"posicionamento-segmento\"><ul><li class=\"texto\">Folhosas, frutas e legumes<\/li><li class=\"texto\">M\u00e3os<\/li><li class=\"texto\">Camaras frias<\/li><li class=\"texto\">Balc\u00f5es frigor\u00edficos<\/li><li class=\"texto\">Balc\u00f5es de consumo<\/li><li class=\"texto\">Equipamentos<\/li><\/ul><\/div><\/div><\/div><\/div><div class=\"produtos-geral-segmento\"><div class=\"conteudo-segmento\"><p class=\"texto\">Abaixo, lista de produtos indicados para esse segmento:<\/p><\/div><div class=\"produtos-segmento\"><h6 class=\"titulo-produtos\">KALYCLEAN C220<\/h6><p class=\"texto\">Detergente clorado espumante alcalino | Alcalino<\/p><p class=\"texto\"><i>Local de aplica\u00e7\u00e3o:<\/i>\u00a0Uso geral, espuma alcalina clorada, limpeza geral, c\u00e2maras frias e lixeiras.<\/p><\/div><div class=\"produtos-segmento\"><h6 class=\"titulo-produtos\">KALYCLEAN K 510<\/h6><p class=\"texto\">Detergente em p\u00f3 descarbonizante | Alcalino<\/p><p class=\"texto\"><i>Local de aplica\u00e7\u00e3o:<\/i>\u00a0Limpeza de equipamentos com gordura e fritadeiras.<\/p><\/div><div class=\"produtos-segmento\"><h6 class=\"titulo-produtos\">KALYCLEAN N 704<\/h6><p class=\"texto\">Detergente desengordurante | Neutro<\/p><p class=\"texto\"><i>Local de aplica\u00e7\u00e3o:<\/i>\u00a0Limpeza geral e de pisos<\/p><\/div><div class=\"produtos-segmento\"><h6 class=\"titulo-produtos\">KALYMIX N 799<\/h6><p class=\"texto\">Detergente l\u00edquido super concentrado | Neutro<\/p><p class=\"texto\"><i>Local de aplica\u00e7\u00e3o:<\/i>\u00a0Lavagem manual de lou\u00e7as, limpeza pesada de utens\u00edlios limpeza geral e manuten\u00e7\u00e3o, limpeza de pisos, limpeza leve e pesada.<\/p><\/div><\/div><\/div>\n\t\t\t\t\t\t\t\t\t<div class=\"elementor-tab-title elementor-tab-mobile-title\" aria-selected=\"false\" data-tab=\"6\" role=\"tab\" tabindex=\"-1\" aria-controls=\"elementor-tab-content-1786\" aria-expanded=\"false\">VE\u00cdCULOS<\/div>\n\t\t\t\t\t<div id=\"elementor-tab-content-1786\" class=\"elementor-tab-content elementor-clearfix\" data-tab=\"6\" role=\"tabpanel\" aria-labelledby=\"elementor-tab-title-1786\" tabindex=\"0\" hidden=\"hidden\"><p class=\"texto\">Para empresas automotivas, possu\u00edmos uma linha completa de produtos para a higieniza\u00e7\u00e3o interna e externa de seus autom\u00f3veis, motos, \u00f4nibus e caminh\u00f5es, proporcionando sempre \u00f3timos resultados e durabilidade para seus ve\u00edculos.<\/p><p class=\"texto\">Dispomos de uma completa linha de produtos para higieniza\u00e7\u00e3o de concession\u00e1rias e oficinas mec\u00e2nicas.<\/p><div><div class=\"lista-segmentos-bloco\"><div class=\"lista-segmentos\"><div class=\"posicionamento-segmento\"><ul><li class=\"texto\">Lataria<\/li><li class=\"texto\">Pneus<\/li><li class=\"texto\">Estofamento<\/li><li class=\"texto\">Motor<\/li><\/ul><\/div><\/div><div class=\"lista-segmentos\"><div class=\"posicionamento-segmento\"><ul><li class=\"texto\">Banheiros<\/li><li class=\"texto\">M\u00e3os de clientes e mec\u00e2nicos<\/li><li class=\"texto\">Chassis<\/li><li class=\"texto\">Pisos<\/li><\/ul><\/div><\/div><\/div><\/div><div class=\"produtos-geral-segmento\"><div class=\"conteudo-segmento\"><p class=\"texto\">Abaixo, lista de produtos indicados para esse segmento:<\/p><\/div><div class=\"produtos-segmento\"><h6 class=\"titulo-produtos\">KALYCLEAN C505<\/h6><p class=\"texto\">Detergente em p\u00f3 controle dureza | Alcalino<\/p><p class=\"texto\"><i>Local de aplica\u00e7\u00e3o:<\/i>\u00a0Limpeza pesadam, chassis e motores.<\/p><\/div><div class=\"produtos-segmento\"><h6 class=\"titulo-produtos\">KALYCLEAN N 704<\/h6><p class=\"texto\">Detergente desengordurante | Neutro<\/p><p class=\"texto\"><i>Local de aplica\u00e7\u00e3o:<\/i>\u00a0Limpeza geral e de pisos.<\/p><\/div><div class=\"produtos-segmento\"><h6 class=\"titulo-produtos\">KALYCLEAN RB<\/h6><p class=\"texto\">Renovador de borrachas, l\u00edquido | Neutro<\/p><p class=\"texto\"><i>Local de aplica\u00e7\u00e3o:<\/i>\u00a0Pneus e borrachas em geral<\/p><\/div><\/div><\/div>\n\t\t\t\t\t\t\t\t\t<div class=\"elementor-tab-title elementor-tab-mobile-title\" aria-selected=\"false\" data-tab=\"7\" role=\"tab\" tabindex=\"-1\" aria-controls=\"elementor-tab-content-1787\" aria-expanded=\"false\">RET\u00cdFICA DE MOTORES<\/div>\n\t\t\t\t\t<div id=\"elementor-tab-content-1787\" class=\"elementor-tab-content elementor-clearfix\" data-tab=\"7\" role=\"tabpanel\" aria-labelledby=\"elementor-tab-title-1787\" tabindex=\"0\" hidden=\"hidden\"><p class=\"texto\">Possu\u00edmos produtos espec\u00edficos para a lavagem de todos os tipos de pe\u00e7as, blocos de motores, pisos e res\u00edduos p\u00f3s-usinagem.<\/p><div class=\"produtos-geral-segmento\"><div class=\"conteudo-segmento\"><p class=\"texto\">Abaixo, lista de produtos indicados para esse segmento:<\/p><\/div><div class=\"produtos-segmento\"><h6 class=\"titulo-produtos\">KALYCLEAN C228<\/h6><p class=\"texto\">Detergente de uso geral | C\u00e1ustico<\/p><p class=\"texto\"><i>Local de aplica\u00e7\u00e3o:<\/i>\u00a0Limpeza pesada e motores.<\/p><\/div><div class=\"produtos-segmento\"><h6 class=\"titulo-produtos\">KALYCLEAN K 513<\/h6><p class=\"texto\">Desengraxante l\u00edquido | Alcalino<\/p><p class=\"texto\"><i>Local de aplica\u00e7\u00e3o:<\/i>\u00a0Limpeza leve de pisos e lavagem manual de pe\u00e7as.<\/p><\/div><div class=\"produtos-segmento\"><h6 class=\"titulo-produtos\">KALYCLEAN HWP<\/h6><p class=\"texto\">Removedor de \u00f3leos e graxas | Alcalino<\/p><p class=\"texto\">Lavagem de pe\u00e7as e removedor de sujidades<\/p><\/div><\/div><\/div>\n\t\t\t\t\t\t\t\t\t<div class=\"elementor-tab-title elementor-tab-mobile-title\" aria-selected=\"false\" data-tab=\"8\" role=\"tab\" tabindex=\"-1\" aria-controls=\"elementor-tab-content-1788\" aria-expanded=\"false\">EMPRESA DE LIMPEZA<\/div>\n\t\t\t\t\t<div id=\"elementor-tab-content-1788\" class=\"elementor-tab-content elementor-clearfix\" data-tab=\"8\" role=\"tabpanel\" aria-labelledby=\"elementor-tab-title-1788\" tabindex=\"0\" hidden=\"hidden\"><p class=\"texto\">Nossos produtos tamb\u00e9m podem ser utilizados por empresas especializadas em servi\u00e7os de limpeza e manuten\u00e7\u00e3o.<\/p><p class=\"texto\">Prestadores de servi\u00e7os de limpeza precisam de produtos eficazes e econ\u00f4micos para garantir a satisfa\u00e7\u00e3o de seus clientes. Possu\u00edmos produtos a serem utilizados na higieniza\u00e7\u00e3o de:<\/p><div><div class=\"lista-segmentos-bloco\"><div class=\"lista-segmentos\"><div class=\"posicionamento-segmento\"><ul><li class=\"texto\">Restaurantes<\/li><li class=\"texto\">Hot\u00e9is<\/li><li class=\"texto\">Hospitais<\/li><li class=\"texto\">Lojas<\/li><li class=\"texto\">Supermercados<\/li><li class=\"texto\">Shopping centers<\/li><li class=\"texto\">Escolas<\/li><li class=\"texto\">Academias<\/li><li class=\"texto\">Ar Condicionado<\/li><\/ul><\/div><\/div><div class=\"lista-segmentos\"><div class=\"posicionamento-segmento\"><ul><li class=\"texto\">Cozinhas<\/li><li class=\"texto\">Banheiros<\/li><li class=\"texto\">M\u00e3os<\/li><li class=\"texto\">Pisos e Vidros<\/li><li class=\"texto\">Azulejos<\/li><li class=\"texto\">Equipamentos<\/li><li class=\"texto\">Espelhos<\/li><li class=\"texto\">Paredes<\/li><li class=\"texto\">Piscinas<\/li><\/ul><\/div><\/div><\/div><\/div><div class=\"produtos-geral-segmento\"><div class=\"conteudo-segmento\"><p class=\"texto\">Abaixo, lista de produtos indicados para esse segmento:<\/p><\/div><div class=\"produtos-segmento\"><h6 class=\"titulo-produtos\">KALYCLEAN K515<\/h6><p class=\"texto\">Detergente multiuso | Alcalino<\/p><p class=\"texto\"><i>Local de aplica\u00e7\u00e3o:<\/i>\u00a0Multiuso<\/p><\/div><div class=\"produtos-segmento\"><h6 class=\"titulo-produtos\">KALYCLEAN K 544<\/h6><p class=\"texto\">Detergente amoniacal floral l\u00edquido | Alcalino<\/p><p class=\"texto\"><i>Local de aplica\u00e7\u00e3o:<\/i>\u00a0Limpeza leve e pesada.<\/p><\/div><div class=\"produtos-segmento\"><h6 class=\"titulo-produtos\">KALYCLEAN S 350<\/h6><p class=\"texto\">Detergente sanitizante floral | Sanitizante<\/p><p class=\"texto\"><i>Local de aplica\u00e7\u00e3o:<\/i>\u00a0Pisos, sanit\u00e1rios<\/p><\/div><\/div><\/div>\n\t\t\t\t\t\t\t<\/div>\n\t\t<\/div>\n\t\t\t\t<\/div>\n\t\t\t\t<\/div>\n\t\t\t\t\t<\/div>\n\t\t<\/div>\n\t\t\t\t\t\t\t<\/div>\n\t\t<\/section>\n\t\t\t\t\t\t\t<\/div>\n\t\t","protected":false},"excerpt":{"rendered":"<p>RESTAURANTES COZINHAS INDUSTRIAIS HOTELARIA CLUBES E ACADEMIAS SUPERMERCADOS VE\u00cdCULOS RET\u00cdFICA DE MOTORES EMPRESA DE LIMPEZA RESTAURANTES Nossos sistemas de higieniza\u00e7\u00e3o de restaurantes seguem altos padr\u00f5es de qualidade, tanto para a cozinha como banheiros e vesti\u00e1rios. Oferecemos ainda uma linha de produtos \u00e1cidos, espec\u00edficos para a remo\u00e7\u00e3o de incrusta\u00e7\u00f5es inorg\u00e2nicas em m\u00e1quinas de lavar e utens\u00edlios. [&hellip;]<\/p>\n","protected":false},"author":1,"featured_media":0,"parent":0,"menu_order":0,"comment_status":"closed","ping_status":"closed","template":"elementor_header_footer","meta":{"footnotes":""},"_links":{"self":[{"href":"https:\/\/mbquimica.com.br\/index.php\/wp-json\/wp\/v2\/pages\/1091"}],"collection":[{"href":"https:\/\/mbquimica.com.br\/index.php\/wp-json\/wp\/v2\/pages"}],"about":[{"href":"https:\/\/mbquimica.com.br\/index.php\/wp-json\/wp\/v2\/types\/page"}],"author":[{"embeddable":true,"href":"https:\/\/mbquimica.com.br\/index.php\/wp-json\/wp\/v2\/users\/1"}],"replies":[{"embeddable":true,"href":"https:\/\/mbquimica.com.br\/index.php\/wp-json\/wp\/v2\/comments?post=1091"}],"version-history":[{"count":4,"href":"https:\/\/mbquimica.com.br\/index.php\/wp-json\/wp\/v2\/pages\/1091\/revisions"}],"predecessor-version":[{"id":1095,"href":"https:\/\/mbquimica.com.br\/index.php\/wp-json\/wp\/v2\/pages\/1091\/revisions\/1095"}],"wp:attachment":[{"href":"https:\/\/mbquimica.com.br\/index.php\/wp-json\/wp\/v2\/media?parent=1091"}],"curies":[{"name":"wp","href":"https:\/\/api.w.org\/{rel}","templated":true}]}}