{"id":1174,"date":"2023-09-25T15:42:37","date_gmt":"2023-09-25T18:42:37","guid":{"rendered":"https:\/\/mbquimica.com.br\/?page_id=1174"},"modified":"2023-09-25T15:47:49","modified_gmt":"2023-09-25T18:47:49","slug":"geradores-de-espuma","status":"publish","type":"page","link":"https:\/\/mbquimica.com.br\/index.php\/geradores-de-espuma\/","title":{"rendered":"geradores de espuma"},"content":{"rendered":"\t\t<div data-elementor-type=\"wp-page\" data-elementor-id=\"1174\" class=\"elementor elementor-1174\">\n\t\t\t\t\t\t\t\t\t<section class=\"elementor-section elementor-top-section elementor-element elementor-element-b1d8327 elementor-section-boxed elementor-section-height-default elementor-section-height-default\" data-id=\"b1d8327\" data-element_type=\"section\" data-settings=\"{&quot;background_background&quot;:&quot;classic&quot;}\">\n\t\t\t\t\t\t<div class=\"elementor-container elementor-column-gap-default\">\n\t\t\t\t\t<div class=\"elementor-column elementor-col-100 elementor-top-column elementor-element elementor-element-a2e83fc\" data-id=\"a2e83fc\" data-element_type=\"column\">\n\t\t\t<div class=\"elementor-widget-wrap elementor-element-populated\">\n\t\t\t\t\t\t\t\t<div class=\"elementor-element elementor-element-5581c08 elementor-widget elementor-widget-heading\" data-id=\"5581c08\" data-element_type=\"widget\" data-widget_type=\"heading.default\">\n\t\t\t\t<div class=\"elementor-widget-container\">\n\t\t\t<h2 class=\"elementor-heading-title elementor-size-default\">GERADORES DE ESPUMA FIXOS\n<\/h2>\t\t<\/div>\n\t\t\t\t<\/div>\n\t\t\t\t\t<\/div>\n\t\t<\/div>\n\t\t\t\t\t\t\t<\/div>\n\t\t<\/section>\n\t\t\t\t<section class=\"elementor-section elementor-top-section elementor-element elementor-element-bc11726 elementor-section-content-middle elementor-section-boxed elementor-section-height-default elementor-section-height-default\" data-id=\"bc11726\" data-element_type=\"section\" data-settings=\"{&quot;background_background&quot;:&quot;classic&quot;}\">\n\t\t\t\t\t\t<div class=\"elementor-container elementor-column-gap-no\">\n\t\t\t\t\t<div class=\"elementor-column elementor-col-33 elementor-top-column elementor-element elementor-element-e57bebf\" data-id=\"e57bebf\" data-element_type=\"column\">\n\t\t\t<div class=\"elementor-widget-wrap elementor-element-populated\">\n\t\t\t\t\t\t\t\t<div class=\"elementor-element elementor-element-3417550 elementor-widget elementor-widget-image\" data-id=\"3417550\" data-element_type=\"widget\" data-widget_type=\"image.default\">\n\t\t\t\t<div class=\"elementor-widget-container\">\n\t\t\t\t\t\t\t\t\t\t\t\t\t\t\t<img decoding=\"async\" loading=\"lazy\" width=\"300\" height=\"300\" src=\"https:\/\/mbquimica.com.br\/wp-content\/uploads\/2023\/09\/asset-1-2.jpeg\" class=\"attachment-large size-large wp-image-1177\" alt=\"\" srcset=\"https:\/\/mbquimica.com.br\/wp-content\/uploads\/2023\/09\/asset-1-2.jpeg 300w, https:\/\/mbquimica.com.br\/wp-content\/uploads\/2023\/09\/asset-1-2-150x150.jpeg 150w\" sizes=\"(max-width: 300px) 100vw, 300px\" \/>\t\t\t\t\t\t\t\t\t\t\t\t\t\t\t<\/div>\n\t\t\t\t<\/div>\n\t\t\t\t\t<\/div>\n\t\t<\/div>\n\t\t\t\t<div class=\"elementor-column elementor-col-33 elementor-top-column elementor-element elementor-element-c407137\" data-id=\"c407137\" data-element_type=\"column\">\n\t\t\t<div class=\"elementor-widget-wrap elementor-element-populated\">\n\t\t\t\t\t\t\t\t<div class=\"elementor-element elementor-element-16d68b1 elementor-widget elementor-widget-image\" data-id=\"16d68b1\" data-element_type=\"widget\" data-widget_type=\"image.default\">\n\t\t\t\t<div class=\"elementor-widget-container\">\n\t\t\t\t\t\t\t\t\t\t\t\t\t\t\t<img decoding=\"async\" loading=\"lazy\" width=\"300\" height=\"300\" src=\"https:\/\/mbquimica.com.br\/wp-content\/uploads\/2023\/09\/asset-2-2.jpeg\" class=\"attachment-large size-large wp-image-1178\" alt=\"\" srcset=\"https:\/\/mbquimica.com.br\/wp-content\/uploads\/2023\/09\/asset-2-2.jpeg 300w, https:\/\/mbquimica.com.br\/wp-content\/uploads\/2023\/09\/asset-2-2-150x150.jpeg 150w\" sizes=\"(max-width: 300px) 100vw, 300px\" \/>\t\t\t\t\t\t\t\t\t\t\t\t\t\t\t<\/div>\n\t\t\t\t<\/div>\n\t\t\t\t\t<\/div>\n\t\t<\/div>\n\t\t\t\t<div class=\"elementor-column elementor-col-33 elementor-top-column elementor-element elementor-element-0b0020d\" data-id=\"0b0020d\" data-element_type=\"column\">\n\t\t\t<div class=\"elementor-widget-wrap elementor-element-populated\">\n\t\t\t\t\t\t\t\t<div class=\"elementor-element elementor-element-9772c9f elementor-widget elementor-widget-image\" data-id=\"9772c9f\" data-element_type=\"widget\" data-widget_type=\"image.default\">\n\t\t\t\t<div class=\"elementor-widget-container\">\n\t\t\t\t\t\t\t\t\t\t\t\t\t\t\t<img decoding=\"async\" loading=\"lazy\" width=\"300\" height=\"300\" src=\"https:\/\/mbquimica.com.br\/wp-content\/uploads\/2023\/09\/asset-3-1.png\" class=\"attachment-large size-large wp-image-1179\" alt=\"\" srcset=\"https:\/\/mbquimica.com.br\/wp-content\/uploads\/2023\/09\/asset-3-1.png 300w, https:\/\/mbquimica.com.br\/wp-content\/uploads\/2023\/09\/asset-3-1-150x150.png 150w\" sizes=\"(max-width: 300px) 100vw, 300px\" \/>\t\t\t\t\t\t\t\t\t\t\t\t\t\t\t<\/div>\n\t\t\t\t<\/div>\n\t\t\t\t\t<\/div>\n\t\t<\/div>\n\t\t\t\t\t\t\t<\/div>\n\t\t<\/section>\n\t\t\t\t<section class=\"elementor-section elementor-top-section elementor-element elementor-element-bb4d994 elementor-section-content-middle elementor-section-boxed elementor-section-height-default elementor-section-height-default\" data-id=\"bb4d994\" data-element_type=\"section\" data-settings=\"{&quot;background_background&quot;:&quot;classic&quot;}\">\n\t\t\t\t\t\t<div class=\"elementor-container elementor-column-gap-no\">\n\t\t\t\t\t<div class=\"elementor-column elementor-col-33 elementor-top-column elementor-element elementor-element-a28676f\" data-id=\"a28676f\" data-element_type=\"column\">\n\t\t\t<div class=\"elementor-widget-wrap elementor-element-populated\">\n\t\t\t\t\t\t\t\t<div class=\"elementor-element elementor-element-a07c437 elementor-widget elementor-widget-image\" data-id=\"a07c437\" data-element_type=\"widget\" data-widget_type=\"image.default\">\n\t\t\t\t<div class=\"elementor-widget-container\">\n\t\t\t\t\t\t\t\t\t\t\t\t\t\t\t<img decoding=\"async\" loading=\"lazy\" width=\"300\" height=\"300\" src=\"https:\/\/mbquimica.com.br\/wp-content\/uploads\/2023\/09\/asset-5-1.jpeg\" class=\"attachment-large size-large wp-image-1181\" alt=\"\" srcset=\"https:\/\/mbquimica.com.br\/wp-content\/uploads\/2023\/09\/asset-5-1.jpeg 300w, https:\/\/mbquimica.com.br\/wp-content\/uploads\/2023\/09\/asset-5-1-150x150.jpeg 150w\" sizes=\"(max-width: 300px) 100vw, 300px\" \/>\t\t\t\t\t\t\t\t\t\t\t\t\t\t\t<\/div>\n\t\t\t\t<\/div>\n\t\t\t\t\t<\/div>\n\t\t<\/div>\n\t\t\t\t<div class=\"elementor-column elementor-col-33 elementor-top-column elementor-element elementor-element-7ec1a0f\" data-id=\"7ec1a0f\" data-element_type=\"column\">\n\t\t\t<div class=\"elementor-widget-wrap elementor-element-populated\">\n\t\t\t\t\t\t\t\t<div class=\"elementor-element elementor-element-ec30be6 elementor-widget elementor-widget-image\" data-id=\"ec30be6\" data-element_type=\"widget\" data-widget_type=\"image.default\">\n\t\t\t\t<div class=\"elementor-widget-container\">\n\t\t\t\t\t\t\t\t\t\t\t\t\t\t\t<img decoding=\"async\" loading=\"lazy\" width=\"300\" height=\"300\" src=\"https:\/\/mbquimica.com.br\/wp-content\/uploads\/2023\/09\/asset-4.png\" class=\"attachment-large size-large wp-image-1180\" alt=\"\" srcset=\"https:\/\/mbquimica.com.br\/wp-content\/uploads\/2023\/09\/asset-4.png 300w, https:\/\/mbquimica.com.br\/wp-content\/uploads\/2023\/09\/asset-4-150x150.png 150w\" sizes=\"(max-width: 300px) 100vw, 300px\" \/>\t\t\t\t\t\t\t\t\t\t\t\t\t\t\t<\/div>\n\t\t\t\t<\/div>\n\t\t\t\t\t<\/div>\n\t\t<\/div>\n\t\t\t\t<div class=\"elementor-column elementor-col-33 elementor-top-column elementor-element elementor-element-0068912\" data-id=\"0068912\" data-element_type=\"column\">\n\t\t\t<div class=\"elementor-widget-wrap elementor-element-populated\">\n\t\t\t\t\t\t\t\t<div class=\"elementor-element elementor-element-e1ad241 elementor-widget elementor-widget-image\" data-id=\"e1ad241\" data-element_type=\"widget\" data-widget_type=\"image.default\">\n\t\t\t\t<div class=\"elementor-widget-container\">\n\t\t\t\t\t\t\t\t\t\t\t\t\t\t\t<img decoding=\"async\" loading=\"lazy\" width=\"300\" height=\"300\" src=\"https:\/\/mbquimica.com.br\/wp-content\/uploads\/2023\/09\/asset-6.png\" class=\"attachment-large size-large wp-image-1182\" alt=\"\" srcset=\"https:\/\/mbquimica.com.br\/wp-content\/uploads\/2023\/09\/asset-6.png 300w, https:\/\/mbquimica.com.br\/wp-content\/uploads\/2023\/09\/asset-6-150x150.png 150w\" sizes=\"(max-width: 300px) 100vw, 300px\" \/>\t\t\t\t\t\t\t\t\t\t\t\t\t\t\t<\/div>\n\t\t\t\t<\/div>\n\t\t\t\t\t<\/div>\n\t\t<\/div>\n\t\t\t\t\t\t\t<\/div>\n\t\t<\/section>\n\t\t\t\t<section class=\"elementor-section elementor-top-section elementor-element elementor-element-91025bf elementor-section-boxed elementor-section-height-default elementor-section-height-default\" data-id=\"91025bf\" data-element_type=\"section\" data-settings=\"{&quot;background_background&quot;:&quot;classic&quot;}\">\n\t\t\t\t\t\t<div class=\"elementor-container elementor-column-gap-default\">\n\t\t\t\t\t<div class=\"elementor-column elementor-col-100 elementor-top-column elementor-element elementor-element-3eb5669\" data-id=\"3eb5669\" data-element_type=\"column\">\n\t\t\t<div class=\"elementor-widget-wrap elementor-element-populated\">\n\t\t\t\t\t\t\t\t<div class=\"elementor-element elementor-element-f530abb elementor-widget elementor-widget-heading\" data-id=\"f530abb\" data-element_type=\"widget\" data-widget_type=\"heading.default\">\n\t\t\t\t<div class=\"elementor-widget-container\">\n\t\t\t<h2 class=\"elementor-heading-title elementor-size-default\">DOSADORES PARA LAVANDERIA INDUSTRIAL ACESS\u00d3RIOS PARA AUTOMO\u00c7\u00c3O<\/h2>\t\t<\/div>\n\t\t\t\t<\/div>\n\t\t\t\t\t<\/div>\n\t\t<\/div>\n\t\t\t\t\t\t\t<\/div>\n\t\t<\/section>\n\t\t\t\t<section class=\"elementor-section elementor-top-section elementor-element elementor-element-9c781c0 elementor-section-content-middle elementor-section-boxed elementor-section-height-default elementor-section-height-default\" data-id=\"9c781c0\" data-element_type=\"section\" data-settings=\"{&quot;background_background&quot;:&quot;classic&quot;}\">\n\t\t\t\t\t\t<div class=\"elementor-container elementor-column-gap-no\">\n\t\t\t\t\t<div class=\"elementor-column elementor-col-25 elementor-top-column elementor-element elementor-element-f8fb285\" data-id=\"f8fb285\" data-element_type=\"column\">\n\t\t\t<div class=\"elementor-widget-wrap elementor-element-populated\">\n\t\t\t\t\t\t\t\t<div class=\"elementor-element elementor-element-7976e43 elementor-widget elementor-widget-image\" data-id=\"7976e43\" data-element_type=\"widget\" data-widget_type=\"image.default\">\n\t\t\t\t<div class=\"elementor-widget-container\">\n\t\t\t\t\t\t\t\t\t\t\t\t\t\t\t<img decoding=\"async\" loading=\"lazy\" width=\"300\" height=\"300\" src=\"https:\/\/mbquimica.com.br\/wp-content\/uploads\/2023\/09\/asset-8-2.jpeg\" class=\"attachment-large size-large wp-image-1176\" alt=\"\" srcset=\"https:\/\/mbquimica.com.br\/wp-content\/uploads\/2023\/09\/asset-8-2.jpeg 300w, https:\/\/mbquimica.com.br\/wp-content\/uploads\/2023\/09\/asset-8-2-150x150.jpeg 150w\" sizes=\"(max-width: 300px) 100vw, 300px\" \/>\t\t\t\t\t\t\t\t\t\t\t\t\t\t\t<\/div>\n\t\t\t\t<\/div>\n\t\t\t\t\t<\/div>\n\t\t<\/div>\n\t\t\t\t<div class=\"elementor-column elementor-col-25 elementor-top-column elementor-element elementor-element-9206002\" data-id=\"9206002\" data-element_type=\"column\">\n\t\t\t<div class=\"elementor-widget-wrap elementor-element-populated\">\n\t\t\t\t\t\t\t\t<div class=\"elementor-element elementor-element-6ea01f0 elementor-widget elementor-widget-image\" data-id=\"6ea01f0\" data-element_type=\"widget\" data-widget_type=\"image.default\">\n\t\t\t\t<div class=\"elementor-widget-container\">\n\t\t\t\t\t\t\t\t\t\t\t\t\t\t\t<img decoding=\"async\" loading=\"lazy\" width=\"300\" height=\"300\" src=\"https:\/\/mbquimica.com.br\/wp-content\/uploads\/2023\/09\/asset-8-2.jpeg\" class=\"attachment-large size-large wp-image-1176\" alt=\"\" srcset=\"https:\/\/mbquimica.com.br\/wp-content\/uploads\/2023\/09\/asset-8-2.jpeg 300w, https:\/\/mbquimica.com.br\/wp-content\/uploads\/2023\/09\/asset-8-2-150x150.jpeg 150w\" sizes=\"(max-width: 300px) 100vw, 300px\" \/>\t\t\t\t\t\t\t\t\t\t\t\t\t\t\t<\/div>\n\t\t\t\t<\/div>\n\t\t\t\t\t<\/div>\n\t\t<\/div>\n\t\t\t\t<div class=\"elementor-column elementor-col-25 elementor-top-column elementor-element elementor-element-353f399\" data-id=\"353f399\" data-element_type=\"column\">\n\t\t\t<div class=\"elementor-widget-wrap\">\n\t\t\t\t\t\t\t\t\t<\/div>\n\t\t<\/div>\n\t\t\t\t<div class=\"elementor-column elementor-col-25 elementor-top-column elementor-element elementor-element-15b40c8\" data-id=\"15b40c8\" data-element_type=\"column\">\n\t\t\t<div class=\"elementor-widget-wrap\">\n\t\t\t\t\t\t\t\t\t<\/div>\n\t\t<\/div>\n\t\t\t\t\t\t\t<\/div>\n\t\t<\/section>\n\t\t\t\t\t\t\t<\/div>\n\t\t","protected":false},"excerpt":{"rendered":"<p>GERADORES DE ESPUMA FIXOS DOSADORES PARA LAVANDERIA INDUSTRIAL ACESS\u00d3RIOS PARA AUTOMO\u00c7\u00c3O<\/p>\n","protected":false},"author":1,"featured_media":0,"parent":0,"menu_order":0,"comment_status":"closed","ping_status":"closed","template":"elementor_header_footer","meta":{"footnotes":""},"_links":{"self":[{"href":"https:\/\/mbquimica.com.br\/index.php\/wp-json\/wp\/v2\/pages\/1174"}],"collection":[{"href":"https:\/\/mbquimica.com.br\/index.php\/wp-json\/wp\/v2\/pages"}],"about":[{"href":"https:\/\/mbquimica.com.br\/index.php\/wp-json\/wp\/v2\/types\/page"}],"author":[{"embeddable":true,"href":"https:\/\/mbquimica.com.br\/index.php\/wp-json\/wp\/v2\/users\/1"}],"replies":[{"embeddable":true,"href":"https:\/\/mbquimica.com.br\/index.php\/wp-json\/wp\/v2\/comments?post=1174"}],"version-history":[{"count":4,"href":"https:\/\/mbquimica.com.br\/index.php\/wp-json\/wp\/v2\/pages\/1174\/revisions"}],"predecessor-version":[{"id":1186,"href":"https:\/\/mbquimica.com.br\/index.php\/wp-json\/wp\/v2\/pages\/1174\/revisions\/1186"}],"wp:attachment":[{"href":"https:\/\/mbquimica.com.br\/index.php\/wp-json\/wp\/v2\/media?parent=1174"}],"curies":[{"name":"wp","href":"https:\/\/api.w.org\/{rel}","templated":true}]}}